{"id":1113,"date":"2024-11-18T09:28:21","date_gmt":"2024-11-18T09:28:21","guid":{"rendered":"https:\/\/bluemobility.formenteralines.dev\/?page_id=1113"},"modified":"2024-12-03T10:25:08","modified_gmt":"2024-12-03T10:25:08","slug":"blue-friday","status":"publish","type":"page","link":"https:\/\/bluefriday.trasmapi.com\/de\/","title":{"rendered":"Blue Friday"},"content":{"rendered":"<div id=\"cs-content\" class=\"cs-content\"><div class=\"x-section e1113-e1 mux-0 mux-1 mux-2\"><div class=\"x-row x-hide-md x-hide-sm x-hide-xs e1113-e2 mux-6 mux-7 mux-b mux-c\"><div class=\"x-row-inner\"><div class=\"x-col e1113-e3 mux-h mux-i mux-j mux-k\"><span class=\"x-image e1113-e4 mux-p mux-q mux-r\"><img decoding=\"async\" src=\"https:\/\/bluefriday.trasmapi.com\/wp-content\/uploads\/2024\/11\/T_Blue-Friday_1290x480-1.png\" width=\"645\" height=\"204\" alt=\"Image\" loading=\"lazy\"><\/span><\/div><\/div><\/div><div class=\"x-row x-hide-lg x-hide-xl e1113-e5 mux-6 mux-7 mux-b mux-d\"><div class=\"x-row-inner\"><div class=\"x-col e1113-e6 mux-h mux-i mux-j mux-k\"><span class=\"x-image e1113-e7 mux-p mux-q mux-r\"><img decoding=\"async\" src=\"https:\/\/bluefriday.trasmapi.com\/wp-content\/uploads\/2024\/11\/T_Blue-Friday_960x1200.png\" width=\"480\" height=\"600\" alt=\"Image\" loading=\"lazy\"><\/span><\/div><\/div><\/div><\/div><div class=\"x-section e1113-e8 mux-0 mux-2 mux-3 mux-4\" id=\"bluemobility\"><div class=\"x-row x-container max width e1113-e9 mux-6 mux-8 mux-9 mux-b mux-e\"><div class=\"x-row-inner\"><div class=\"x-col e1113-e10 mux-j mux-k mux-l\"><span class=\"x-image x-hide-sm x-hide-xs e1113-e11 mux-p mux-s\"><img decoding=\"async\" src=\"https:\/\/bluefriday.trasmapi.com\/wp-content\/uploads\/2024\/11\/T_Blue-Friday_1080x1080.png\" width=\"540\" height=\"540\" alt=\"Image\" loading=\"lazy\"><\/span><\/div><div class=\"x-col e1113-e12 mux-h mux-j mux-m mux-n\"><div class=\"x-text x-text-headline e1113-e13 mux-u mux-v\"><div class=\"x-text-content\"><div class=\"x-text-content-text\"><h2 class=\"x-text-content-text-primary\">BLUE FRIDAY TRASMAPI\ud83d\udc99<\/h2><\/div><\/div><\/div><div class=\"x-text x-content e1113-e14 mux-x mux-y mux-z\"><p>Gana 10 viajes ida y vuelta para tu veh\u00edculo.\ud83d\ude31<\/p>\n<p>Viaja entre el 19 de noviembre y el 2 de diciembre de 2024 y participa autom\u00e1ticamente en el sorteo de una Trasmapi Card con 10 viajes de veh\u00edculo ida y vuelta. \ud83d\ude97\u2728<\/p>\n<p>Solo tienes que viajar para entrar en el sorteo, \u00a1as\u00ed de f\u00e1cil!<\/p><\/div><\/div><\/div><\/div><\/div><div class=\"x-section e1113-e15 mux-0 mux-3 mux-5\" id=\"bluemobility\"><span class=\"x-separator-top-curve-out\" style=\"top: 0px; height: 50px; color: #2C2D6E;\" aria-hidden=\"true\"><svg class=\"curve-top-out\" style=\"fill: currentColor;\" xmlns=\"http:\/\/www.w3.org\/2000\/svg\" version=\"1.1\" viewbox=\"0 0 100 50\" preserveaspectratio=\"none\"><path d=\"M0,50C0,50,22.4,0,50,0s50,50,50,50\"\/><\/svg><\/span><div class=\"x-row x-container max width x-hide-lg x-hide-md x-hide-sm x-hide-xl x-hide-xs e1113-e16 mux-6 mux-8 mux-a mux-b mux-f\"><div class=\"x-row-inner\"><div class=\"x-col e1113-e17 mux-j mux-k mux-o\"><div class=\"x-text x-text-headline e1113-e18 mux-u mux-w\"><div class=\"x-text-content\"><div class=\"x-text-content-text\"><h2 class=\"x-text-content-text-primary\">Participa en el sorteo<\/h2><\/div><\/div><\/div><div class=\"x-form-integration x-form-integration-contact-form-7 e1113-e19 mux-13\">\n<div class=\"wpcf7 no-js\" id=\"wpcf7-f1138-o1\" lang=\"es-ES\" dir=\"ltr\" data-wpcf7-id=\"1138\">\n<div class=\"screen-reader-response\"><p role=\"status\" aria-live=\"polite\" aria-atomic=\"true\"><\/p> <ul><\/ul><\/div>\n<form action=\"\/wp-json\/wp\/v2\/pages\/1113\" method=\"post\" class=\"wpcf7-form init\" aria-label=\"Formulario de contacto\" novalidate=\"novalidate\" data-status=\"init\" data-trp-original-action=\"\/de\/wp-json\/wp\/v2\/pages\/1113#wpcf7-f1138-o1\">\n<div style=\"display: none;\">\n<input type=\"hidden\" name=\"_wpcf7\" value=\"1138\" \/>\n<input type=\"hidden\" name=\"_wpcf7_version\" value=\"6.0.1\" \/>\n<input type=\"hidden\" name=\"_wpcf7_locale\" value=\"es_ES\" \/>\n<input type=\"hidden\" name=\"_wpcf7_unit_tag\" value=\"wpcf7-f1138-o1\" \/>\n<input type=\"hidden\" name=\"_wpcf7_container_post\" value=\"0\" \/>\n<input type=\"hidden\" name=\"_wpcf7_posted_data_hash\" value=\"\" \/>\n<input type=\"hidden\" name=\"_wpcf7_recaptcha_response\" value=\"\" \/>\n<\/div>\n<p><label> N\u00famero de billete<br \/>\n<span class=\"wpcf7-form-control-wrap\" data-name=\"purchase-locator\"><input size=\"40\" maxlength=\"400\" class=\"wpcf7-form-control wpcf7-text wpcf7-validates-as-required\" aria-required=\"true\" aria-invalid=\"false\" value=\"\" type=\"text\" name=\"purchase-locator\" \/><\/span> <\/label>\n<\/p>\n<p><label> Tu nombre<br \/>\n<span class=\"wpcf7-form-control-wrap\" data-name=\"your-name\"><input size=\"40\" maxlength=\"400\" class=\"wpcf7-form-control wpcf7-text wpcf7-validates-as-required\" autocomplete=\"name\" aria-required=\"true\" aria-invalid=\"false\" value=\"\" type=\"text\" name=\"your-name\" \/><\/span> <\/label>\n<\/p>\n<p><label> Tu correo electr\u00f3nico<br \/>\n<span class=\"wpcf7-form-control-wrap\" data-name=\"your-email\"><input size=\"40\" maxlength=\"400\" class=\"wpcf7-form-control wpcf7-email wpcf7-validates-as-required wpcf7-text wpcf7-validates-as-email\" autocomplete=\"email\" aria-required=\"true\" aria-invalid=\"false\" value=\"\" type=\"email\" name=\"your-email\" \/><\/span> <\/label>\n<\/p>\n<p><input class=\"wpcf7-form-control wpcf7-submit has-spinner\" type=\"submit\" value=\"Enviar\" \/>\n<\/p><div class=\"wpcf7-response-output\" aria-hidden=\"true\"><\/div>\n<input type=\"hidden\" name=\"trp-form-language\" value=\"de\"\/><\/form>\n<\/div>\n<\/div><\/div><div class=\"x-col e1113-e20 mux-j mux-n\"><div class=\"x-text x-text-headline e1113-e21 mux-u mux-w\"><div class=\"x-text-content\"><div class=\"x-text-content-text\"><h2 class=\"x-text-content-text-primary\">\u00bfD\u00f3nde veo el n\u00famero?<\/h2><\/div><\/div><\/div><span class=\"x-image e1113-e22 mux-p mux-q mux-t\"><img decoding=\"async\" src=\"https:\/\/bluefriday.trasmapi.com\/wp-content\/uploads\/2024\/11\/Frame-2.png\" width=\"149\" height=\"248\" alt=\"Image\" loading=\"lazy\"><\/span><\/div><div class=\"x-col e1113-e23 mux-j mux-n\"><div class=\"x-text x-text-headline e1113-e24 mux-u mux-w\"><div class=\"x-text-content\"><div class=\"x-text-content-text\"><h2 class=\"x-text-content-text-primary\">Bases del Sorteo Trasmapi 2024<\/h2><\/div><\/div><\/div><div class=\"x-text x-content e1113-e25 mux-y mux-z mux-10 mux-11\"><ol start=\"1\" class=\"ak-ol\" data-pm-slice=\"3 3 [&quot;table&quot;,{&quot;displayMode&quot;:null,&quot;isNumberColumnEnabled&quot;:false,&quot;layout&quot;:&quot;default&quot;,&quot;localId&quot;:&quot;af33da9b-f723-4cbc-9655-20fae407a62b&quot;,&quot;width&quot;:null,&quot;__autoSize&quot;:false},&quot;tableRow&quot;,null,&quot;tableCell&quot;,{&quot;colspan&quot;:1,&quot;rowspan&quot;:1,&quot;colwidth&quot;:null,&quot;background&quot;:&quot;transparent&quot;}]\">\n \t<li>\n<p>Organizador<span class=\"code\" spellcheck=\"false\">\u00a0<\/span><br \/>\nEste sorteo es organizado por Trasmapi y estar\u00e1 vigente \u00fanicamente entre las fechas especificadas a continuaci\u00f3n.<\/p>\n<\/li>\n \t<li>\n<p>Vigencia<span class=\"code\" spellcheck=\"false\">\u00a0<\/span><br \/>\nParticipan autom\u00e1ticamente todas las personas que viajen con Trasmapi entre el 19 de noviembre y el 2 de diciembre de...<\/p>\n<\/li>\n<\/ol><\/div><a class=\"x-anchor x-anchor-button e1113-e26 mux-14\" tabindex=\"0\" href=\"\/de\/condiciones\/\"><div class=\"x-anchor-content\"><div class=\"x-anchor-text\"><span class=\"x-anchor-text-primary\">Leer bases completas<\/span><\/div><\/div><\/a><\/div><\/div><\/div><div class=\"x-row x-container max width e1113-e27 mux-6 mux-7 mux-b mux-g\"><div class=\"x-row-inner\"><div class=\"x-col e1113-e28 mux-j mux-k\"><div class=\"x-text x-content e1113-e29 mux-y mux-11 mux-12\">Sorteo finalizado. Se contactar\u00e1 con los ganadores mediante los m\u00e9todos de contacto proporcionados.<\/div><\/div><\/div><\/div><\/div><\/div>","protected":false},"excerpt":{"rendered":"<p>BLUE FRIDAY TRASMAPI\ud83d\udc99Gana 10 viajes ida y vuelta para tu veh\u00edculo.\ud83d\ude31 Viaja entre el 19 de noviembre y el 2 de diciembre de 2024 y participa autom\u00e1ticamente en el sorteo de una Trasmapi Card con 10 viajes de veh\u00edculo ida y vuelta. \ud83d\ude97\u2728 Solo tienes que viajar para entrar en el sorteo, \u00a1as\u00ed de f\u00e1cil!Participa en el sorteo N\u00famero de &#8230; <\/p>\n<div><a href=\"https:\/\/bluefriday.trasmapi.com\/de\/\" class=\"more-link\">Read More<\/a><\/div>","protected":false},"author":3,"featured_media":0,"parent":0,"menu_order":0,"comment_status":"closed","ping_status":"closed","template":"template-blank-6.php","meta":{"footnotes":""},"class_list":["post-1113","page","type-page","status-publish","hentry","no-post-thumbnail"],"yoast_head":"<!-- This site is optimized with the Yoast SEO plugin v24.0 - https:\/\/yoast.com\/wordpress\/plugins\/seo\/ -->\n<title>Blue Friday - Blue Friday<\/title>\n<meta name=\"description\" content=\"\u00a0Viaja entre el 19 de noviembre y el 2 de diciembre de 2024 y participa autom\u00e1ticamente en el sorteo de una Trasmapi Card con 10 viajes de veh\u00edculo ida y vuelta.\" \/>\n<meta name=\"robots\" content=\"index, follow, max-snippet:-1, max-image-preview:large, max-video-preview:-1\" \/>\n<link rel=\"canonical\" href=\"https:\/\/bluefriday.trasmapi.com\/de\/\" \/>\n<meta property=\"og:locale\" content=\"de_DE\" \/>\n<meta property=\"og:type\" content=\"article\" \/>\n<meta property=\"og:title\" content=\"Blue Friday\" \/>\n<meta property=\"og:description\" content=\"\u00a0Viaja entre el 19 de noviembre y el 2 de diciembre de 2024 y participa autom\u00e1ticamente en el sorteo de una Trasmapi Card con 10 viajes de veh\u00edculo ida y vuelta.\" \/>\n<meta property=\"og:url\" content=\"https:\/\/bluefriday.trasmapi.com\/de\/\" \/>\n<meta property=\"og:site_name\" content=\"Blue Friday\" \/>\n<meta property=\"article:modified_time\" content=\"2024-12-03T10:25:08+00:00\" \/>\n<meta property=\"og:image\" content=\"https:\/\/bluefriday.trasmapi.com\/wp-content\/uploads\/2024\/11\/T_Blue-Friday_1080x1080.png\" \/>\n\t<meta property=\"og:image:width\" content=\"1080\" \/>\n\t<meta property=\"og:image:height\" content=\"1080\" \/>\n\t<meta property=\"og:image:type\" content=\"image\/png\" \/>\n<meta name=\"twitter:card\" content=\"summary_large_image\" \/>\n<meta name=\"twitter:label1\" content=\"Gesch\u00e4tzte Lesezeit\" \/>\n\t<meta name=\"twitter:data1\" content=\"2 Minuten\" \/>\n<script type=\"application\/ld+json\" class=\"yoast-schema-graph\">{\"@context\":\"https:\/\/schema.org\",\"@graph\":[{\"@type\":\"WebPage\",\"@id\":\"https:\/\/bluefriday.trasmapi.com\/\",\"url\":\"https:\/\/bluefriday.trasmapi.com\/\",\"name\":\"Blue Friday - Blue Friday\",\"isPartOf\":{\"@id\":\"https:\/\/bluefriday.trasmapi.com\/#website\"},\"datePublished\":\"2024-11-18T09:28:21+00:00\",\"dateModified\":\"2024-12-03T10:25:08+00:00\",\"description\":\"\u00a0Viaja entre el 19 de noviembre y el 2 de diciembre de 2024 y participa autom\u00e1ticamente en el sorteo de una Trasmapi Card con 10 viajes de veh\u00edculo ida y vuelta.\",\"breadcrumb\":{\"@id\":\"https:\/\/bluefriday.trasmapi.com\/#breadcrumb\"},\"inLanguage\":\"de\",\"potentialAction\":[{\"@type\":\"ReadAction\",\"target\":[\"https:\/\/bluefriday.trasmapi.com\/\"]}]},{\"@type\":\"BreadcrumbList\",\"@id\":\"https:\/\/bluefriday.trasmapi.com\/#breadcrumb\",\"itemListElement\":[{\"@type\":\"ListItem\",\"position\":1,\"name\":\"Portada\",\"item\":\"https:\/\/bluefriday.trasmapi.com\/\"},{\"@type\":\"ListItem\",\"position\":2,\"name\":\"Blue Friday\"}]},{\"@type\":\"WebSite\",\"@id\":\"https:\/\/bluefriday.trasmapi.com\/#website\",\"url\":\"https:\/\/bluefriday.trasmapi.com\/\",\"name\":\"Blue Friday\",\"description\":\"Gana 10 viajes ida y vuelta para tu veh\u00edculo.\ud83d\ude31\",\"publisher\":{\"@id\":\"https:\/\/bluefriday.trasmapi.com\/#organization\"},\"potentialAction\":[{\"@type\":\"SearchAction\",\"target\":{\"@type\":\"EntryPoint\",\"urlTemplate\":\"https:\/\/bluefriday.trasmapi.com\/?s={search_term_string}\"},\"query-input\":{\"@type\":\"PropertyValueSpecification\",\"valueRequired\":true,\"valueName\":\"search_term_string\"}}],\"inLanguage\":\"de\"},{\"@type\":\"Organization\",\"@id\":\"https:\/\/bluefriday.trasmapi.com\/#organization\",\"name\":\"Blue Friday\",\"url\":\"https:\/\/bluefriday.trasmapi.com\/\",\"logo\":{\"@type\":\"ImageObject\",\"inLanguage\":\"de\",\"@id\":\"https:\/\/bluefriday.trasmapi.com\/#\/schema\/logo\/image\/\",\"url\":\"https:\/\/bluefriday.trasmapi.com\/wp-content\/uploads\/2024\/11\/T_Blue-Friday_1200x628-1.png\",\"contentUrl\":\"https:\/\/bluefriday.trasmapi.com\/wp-content\/uploads\/2024\/11\/T_Blue-Friday_1200x628-1.png\",\"width\":1200,\"height\":628,\"caption\":\"Blue Friday\"},\"image\":{\"@id\":\"https:\/\/bluefriday.trasmapi.com\/#\/schema\/logo\/image\/\"}}]}<\/script>\n<!-- \/ Yoast SEO plugin. -->","yoast_head_json":{"title":"Blue Friday - Blue Friday","description":"\u00a0Viaja entre el 19 de noviembre y el 2 de diciembre de 2024 y participa autom\u00e1ticamente en el sorteo de una Trasmapi Card con 10 viajes de veh\u00edculo ida y vuelta.","robots":{"index":"index","follow":"follow","max-snippet":"max-snippet:-1","max-image-preview":"max-image-preview:large","max-video-preview":"max-video-preview:-1"},"canonical":"https:\/\/bluefriday.trasmapi.com\/de\/","og_locale":"de_DE","og_type":"article","og_title":"Blue Friday","og_description":"\u00a0Viaja entre el 19 de noviembre y el 2 de diciembre de 2024 y participa autom\u00e1ticamente en el sorteo de una Trasmapi Card con 10 viajes de veh\u00edculo ida y vuelta.","og_url":"https:\/\/bluefriday.trasmapi.com\/de\/","og_site_name":"Blue Friday","article_modified_time":"2024-12-03T10:25:08+00:00","og_image":[{"width":1080,"height":1080,"url":"https:\/\/bluefriday.trasmapi.com\/wp-content\/uploads\/2024\/11\/T_Blue-Friday_1080x1080.png","type":"image\/png"}],"twitter_card":"summary_large_image","twitter_misc":{"Gesch\u00e4tzte Lesezeit":"2 Minuten"},"schema":{"@context":"https:\/\/schema.org","@graph":[{"@type":"WebPage","@id":"https:\/\/bluefriday.trasmapi.com\/","url":"https:\/\/bluefriday.trasmapi.com\/","name":"Blue Friday - Blue Friday","isPartOf":{"@id":"https:\/\/bluefriday.trasmapi.com\/#website"},"datePublished":"2024-11-18T09:28:21+00:00","dateModified":"2024-12-03T10:25:08+00:00","description":"\u00a0Viaja entre el 19 de noviembre y el 2 de diciembre de 2024 y participa autom\u00e1ticamente en el sorteo de una Trasmapi Card con 10 viajes de veh\u00edculo ida y vuelta.","breadcrumb":{"@id":"https:\/\/bluefriday.trasmapi.com\/#breadcrumb"},"inLanguage":"de","potentialAction":[{"@type":"ReadAction","target":["https:\/\/bluefriday.trasmapi.com\/"]}]},{"@type":"BreadcrumbList","@id":"https:\/\/bluefriday.trasmapi.com\/#breadcrumb","itemListElement":[{"@type":"ListItem","position":1,"name":"Portada","item":"https:\/\/bluefriday.trasmapi.com\/"},{"@type":"ListItem","position":2,"name":"Blue Friday"}]},{"@type":"WebSite","@id":"https:\/\/bluefriday.trasmapi.com\/#website","url":"https:\/\/bluefriday.trasmapi.com\/","name":"Blue Friday","description":"Gana 10 viajes ida y vuelta para tu veh\u00edculo.\ud83d\ude31","publisher":{"@id":"https:\/\/bluefriday.trasmapi.com\/#organization"},"potentialAction":[{"@type":"SearchAction","target":{"@type":"EntryPoint","urlTemplate":"https:\/\/bluefriday.trasmapi.com\/?s={search_term_string}"},"query-input":{"@type":"PropertyValueSpecification","valueRequired":true,"valueName":"search_term_string"}}],"inLanguage":"de"},{"@type":"Organization","@id":"https:\/\/bluefriday.trasmapi.com\/#organization","name":"Blue Friday","url":"https:\/\/bluefriday.trasmapi.com\/","logo":{"@type":"ImageObject","inLanguage":"de","@id":"https:\/\/bluefriday.trasmapi.com\/#\/schema\/logo\/image\/","url":"https:\/\/bluefriday.trasmapi.com\/wp-content\/uploads\/2024\/11\/T_Blue-Friday_1200x628-1.png","contentUrl":"https:\/\/bluefriday.trasmapi.com\/wp-content\/uploads\/2024\/11\/T_Blue-Friday_1200x628-1.png","width":1200,"height":628,"caption":"Blue Friday"},"image":{"@id":"https:\/\/bluefriday.trasmapi.com\/#\/schema\/logo\/image\/"}}]}},"_links":{"self":[{"href":"https:\/\/bluefriday.trasmapi.com\/de\/wp-json\/wp\/v2\/pages\/1113","targetHints":{"allow":["GET"]}}],"collection":[{"href":"https:\/\/bluefriday.trasmapi.com\/de\/wp-json\/wp\/v2\/pages"}],"about":[{"href":"https:\/\/bluefriday.trasmapi.com\/de\/wp-json\/wp\/v2\/types\/page"}],"author":[{"embeddable":true,"href":"https:\/\/bluefriday.trasmapi.com\/de\/wp-json\/wp\/v2\/users\/3"}],"replies":[{"embeddable":true,"href":"https:\/\/bluefriday.trasmapi.com\/de\/wp-json\/wp\/v2\/comments?post=1113"}],"version-history":[{"count":25,"href":"https:\/\/bluefriday.trasmapi.com\/de\/wp-json\/wp\/v2\/pages\/1113\/revisions"}],"predecessor-version":[{"id":2582,"href":"https:\/\/bluefriday.trasmapi.com\/de\/wp-json\/wp\/v2\/pages\/1113\/revisions\/2582"}],"wp:attachment":[{"href":"https:\/\/bluefriday.trasmapi.com\/de\/wp-json\/wp\/v2\/media?parent=1113"}],"curies":[{"name":"wp","href":"https:\/\/api.w.org\/{rel}","templated":true}]}}